{"id":220,"date":"2019-02-04T16:42:30","date_gmt":"2019-02-04T16:42:30","guid":{"rendered":"http:\/\/flashstudionorte.com\/?page_id=220"},"modified":"2019-02-05T09:16:31","modified_gmt":"2019-02-05T09:16:31","slug":"politica-de-privacidad","status":"publish","type":"page","link":"https:\/\/flashstudionorte.com\/?page_id=220","title":{"rendered":"Aviso Legal y Pol\u00edtica de Privacidad"},"content":{"rendered":"<p><strong>Objeto Social e Identificaci\u00f3n. <\/strong><\/p>\n<p>FLASHSTUDIO NORTE SL. (en adelante FLASHSTUDIO NORTE ), es una empresa especialista en ALQUILER DE PLAT\u00d3S.<\/p>\n<p>En cumplimiento con el deber de informaci\u00f3n recogido en art\u00edculo 10 de la Ley 34\/2002, de 11 de julio, de Servicios de la Sociedad de la Informaci\u00f3n y del Comercio Electr\u00f3nico, los datos aqu\u00ed consignados, corresponden a la entidad titular del sitio web FLASHSTUDIONORTE.COM.<\/p>\n<p>Denominaci\u00f3n: FLASHSTUDIO NORTE SL.<\/p>\n<p>Domicilio: AVENIDA DE LA INDUSTRIA, 52 ALCOBENDAS-MADRID<\/p>\n<p>Tel\u00e9fono: 91 661 06 25<\/p>\n<p>Email: info@madcrew.es<\/p>\n<p>CIF: : B-79058947<\/p>\n<p>Propiedad intelectual e industrial. Todos los derechos de Propiedad Industrial e Intelectual de la totalidad de elementos contenidos en esta Web, incluidas las marcas comerciales, formatos, dise\u00f1os gr\u00e1ficos, textos, im\u00e1genes y documentos, pertenecen a FLASHSTUDIO NORTE y se encuentran protegidos por las leyes espa\u00f1olas e internacionales sobre propiedad Intelectual e Industrial. Queda expresamente prohibida la reproducci\u00f3n total o parcial de este sitio Web y de cualquiera de sus contenidos sin el permiso expreso y por escrito de FLASHSTUDIO NORTE .<\/p>\n<p>El acceso al sitio web no implica ning\u00fan tipo de renuncia, transmisi\u00f3n, licencia o cesi\u00f3n de dichos derechos por parte de FLASHSTUDIO NORTE salvo que se establezca expresamente lo contrario.<\/p>\n<p><strong>Condiciones de uso.<\/strong><\/p>\n<p>El acceso a este sitio Web implica la aceptaci\u00f3n de estas condiciones de uso sin reservas que regulan el acceso y la utilizaci\u00f3n del mismo con el fin de poner a disposici\u00f3n de los usuarios informaci\u00f3n sobre nuestros productos.<\/p>\n<p>Se proh\u00edbe expresamente la utilizaci\u00f3n de los contenidos de este sitio Web para su utilizaci\u00f3n con fines comerciales o para su distribuci\u00f3n, transformaci\u00f3n o comunicaci\u00f3n.<\/p>\n<p>FLASHSTUDIO NORTE , no responder\u00e1 de ninguna consecuencia, da\u00f1o o perjuicio que pudieran derivarse de dicha utilizaci\u00f3n o uso de la informaci\u00f3n.<\/p>\n<p>Tanto el acceso a esta Web como el uso que pueda hacerse de la informaci\u00f3n contenida en la misma es de la exclusiva responsabilidad de quien lo realiza.<\/p>\n<p>El usuario se obliga a no utilizar la informaci\u00f3n que se publica en esta Web con fines o efectos il\u00edcitos o lesivos, a no da\u00f1ar o inutilizar la informaci\u00f3n y a no realizar cualquier otra acci\u00f3n que puedan ser contraria al contenido de este Aviso Legal.<\/p>\n<p>FLASHSTUDIO NORTE no puede asegurar la inexistencia de interrupciones o errores en el acceso a este sitio Web, aunque pondr\u00e1 sus mayores esfuerzos para evitarlos.<\/p>\n<p><strong>Pol\u00edtica de Protecci\u00f3n de Datos.<\/strong><\/p>\n<p>En cumplimiento del REGLAMENTO (UE) 2016\/679 DEL PARLAMENTO EUROPEO Y DEL CONSEJO de 27 de Abril de 2016, relativo a la protecci\u00f3n de las personas f\u00edsicas en lo que respecta al tratamiento de datos personales y a la libre circulaci\u00f3n de estos datos y su normativa de desarrollo, se le informa que los datos personales proporcionados por usted ser\u00e1n tratados con las siguientes finalidades:<\/p>\n<p>facilitar la informaci\u00f3n solicitada acerca de nuestra empresa y servicios;<br \/>\ngestionar su solicitud de empleo en nuestros procesos de selecci\u00f3n;<br \/>\nfacilitarle informaci\u00f3n acerca de nuestros servicios, productos y actividades, cuando as\u00ed nos lo haya facilitado y;<br \/>\ndar contestaci\u00f3n y gestionar sus comentarios y sugerencias.<br \/>\nA trav\u00e9s de la cumplimentaci\u00f3n de formularios de contacto de la Web o mediante el env\u00edo de correos electr\u00f3nicos o cualquier otro tipo de solicitud de informaci\u00f3n remitida a FLASHSTUDIO NORTE , el interesado presta su consentimiento expreso para el tratamiento de sus datos personales.<\/p>\n<p>En ning\u00fan caso FLASHSTUDIO NORTE , utilizar\u00e1 los datos personales de los interesados para fines distintos de los anteriormente mencionados, ni los comunicar\u00e1 a terceros sin el consentimiento previo y expreso del afectado, y se compromete a guardar el debido secreto profesional y a establecer las medidas t\u00e9cnicas y organizativas necesarias para salvaguardar la informaci\u00f3n conforme a los requerimientos que establece el mencionado Reglamento.<\/p>\n<p>Sus datos personales se conservar\u00e1n en nuestros registros durante un periodo de tres a\u00f1os. No obstante, en cualquier momento usted puede solicitar el acceso a sus datos personales y su rectificaci\u00f3n o supresi\u00f3n. As\u00ed como, limitar su tratamiento, o directamente oponerse al tratamiento o ejercer el derecho a la portabilidad de los mismos.<\/p>\n<p>Tambi\u00e9n le informamos de su derecho a presentar una reclamaci\u00f3n ante la Agencia Espa\u00f1ola de Protecci\u00f3n de Datos, si considera que en el tratamiento de sus datos no se est\u00e1n respetando sus derechos.<\/p>\n<p>Identidad del responsable (contacto): FLASHSTUDIO NORTE SL., AVENIDA DE LA INDUSTRIA, 52 ALCOBENDAS-MADRID<\/p>\n<p><strong>Empleo.<\/strong><\/p>\n<p>Si usted nos env\u00eda cumplimentado el cuestionario con sus datos personales o nos env\u00eda su curr\u00edculum, queda informado, en virtud del Reglamento (UE) 2016\/679 del Parlamento Europeo y del Consejo de 27 de Abril de 2016, que sus datos ser\u00e1n utilizados para ponernos en contacto con usted cuando iniciemos un nuevo proceso de selecci\u00f3n, sin que puedan ser utilizados para otra finalidad. Sus datos ser\u00e1n incluidos en un fichero cuyo responsable es FLASHSTUDIO NORTE .<\/p>\n<p>Cuando iniciemos alg\u00fan proceso de selecci\u00f3n, donde pueda encajar su perfil, nos pondremos en contacto con usted. Mientras tanto, mantendremos sus datos personales durante el periodo de dos a\u00f1os con el fin de poder contar con su participaci\u00f3n. Por esa raz\u00f3n, y en cumplimiento del principio de calidad de los datos, le rogamos que en caso de que se produzca alguna modificaci\u00f3n de los mismos nos lo comunique oportunamente.<\/p>\n<p>Puede ejercer los derechos de acceso, rectificaci\u00f3n, supresi\u00f3n y oposici\u00f3n, limitar el tratamiento de sus datos, o directamente oponerse al tratamiento, o ejercer el derecho a la portabilidad de los mismos, mediante escrito, acompa\u00f1ado de copia de documento oficial que le identifique, dirigido a FLASHSTUDIO NORTE , en el domicilio indicado anteriormente. Igualmente, tiene derecho a presentar una reclamaci\u00f3n ante la Agencia Espa\u00f1ola de Protecci\u00f3n de Datos.<\/p>\n<p><strong>Pol\u00edtica de protecci\u00f3n de menores.<\/strong><\/p>\n<p>Quien facilita los datos a trav\u00e9s de los formularios de esta Web y acepta su tratamiento declara formalmente ser mayor de 18 a\u00f1os.<\/p>\n<p>Queda prohibido el acceso y uso del portal a los menores de 18 a\u00f1os de edad.<\/p>\n<p>FLASHSTUDIO NORTE recuerda a las personas mayores de edad que tengan a su cargo menores, que ser\u00e1 de su exclusiva responsabilidad si alg\u00fan menor incorpora sus datos para solicitar alg\u00fan producto.<\/p>\n<p>Tambi\u00e9n les informa que existen programas inform\u00e1ticos para acotar la navegaci\u00f3n mediante el filtro o bloqueo a determinados contenidos.<\/p>\n<p><strong>Redes sociales.<\/strong><\/p>\n<p>Al seguir nuestro perfil en las redes sociales consiente expresamente en el tratamiento de sus datos personales conforme a su respectiva pol\u00edtica de privacidad. Tambi\u00e9n consiente expresamente el acceso de FLASHSTUDIO NORTE al tratamiento de sus datos contenidos en su perfil y a que a que las noticias publicadas sobre cualquier producto de FLASHSTUDIO NORTE aparezcan en su muro.<\/p>\n<p>De conformidad con el REGLAMENTO (UE) 2016\/679 DEL PARLAMENTO EUROPEO, le informamos que los datos personales de los seguidores de FLASHSTUDIO NORTE en las redes sociales, ser\u00e1n incorporados a un fichero cuyo titular FLASHSTUDIO NORTE con la finalidad de mantenerle informado a trav\u00e9s de las redes sobre noticias relativas a las actividades de FLASHSTUDIO NORTE .<\/p>\n<p>Su petici\u00f3n para conectar, implica necesariamente su consentimiento para los tratamientos se\u00f1alados.<\/p>\n<p>La publicaci\u00f3n de comentarios y contenidos en las redes sociales se convertir\u00e1n en informaci\u00f3n p\u00fablica, por lo que los usuarios deber\u00e1n tener especial cautela cuando decidan compartir su informaci\u00f3n personal. FLASHSTUDIO NORTE no se hace responsable por la informaci\u00f3n que los usuarios incorporen en la p\u00e1gina. No obstante, las personas cuyos datos personales se encuentren publicados o est\u00e9n incluidos en comentarios, podr\u00e1n solicitar a FLASHSTUDIO NORTE la cancelaci\u00f3n de los mismos.<\/p>\n<p>En cualquier momento, usted puede ejercer los derechos de acceso, rectificaci\u00f3n, supresi\u00f3n y oposici\u00f3n, limitar el tratamiento de sus datos, o directamente oponerse al tratamiento, o ejercer el derecho a la portabilidad de los mismos. Todo ello, mediante escrito, acompa\u00f1ado de copia de documento oficial que le identifique, dirigido a FLASHSTUDIO NORTE . En caso de disconformidad con el tratamiento, tambi\u00e9n tiene derecho a presentar una reclamaci\u00f3n ante la Agencia Espa\u00f1ola de Protecci\u00f3n de Datos.<\/p>\n<p>Enlaces a otras Webs. Los enlaces (links) que puede encontrar en esta Web son un servicio a los usuarios. Estas p\u00e1ginas no son operadas ni controladas por FLASHSTUDIO NORTE , por ello, no se hace responsable de los contenidos de esos sitios Web ni est\u00e1n cubiertas por el presente Aviso Legal. Si accede a estas p\u00e1ginas Webs deber\u00e1 tener en cuenta que sus pol\u00edticas de privacidad pueden ser diferentes a la nuestra.<\/p>\n<p><strong>Legislaci\u00f3n aplicable y competencia jurisdiccional.<\/strong><\/p>\n<p>El presente Aviso Legal se rige por la normativa espa\u00f1ola vigente que le es de aplicaci\u00f3n.<\/p>\n<p>Para la resoluci\u00f3n de las controversias que pudieran derivarse como consecuencia de lo dispuesto en las presentes disposiciones y sobre su interpretaci\u00f3n, aplicaci\u00f3n y cumplimiento. El usuario, en virtud de la aceptaci\u00f3n de las condiciones recogidas en este Aviso legal, renuncia expresamente a cualquier otro fuero que pudiera corresponderle.<\/p>\n<p>En cualquier caso, dentro de la jurisdicci\u00f3n espa\u00f1ola, si la legislaci\u00f3n permitiese someterse a un fuero en concreto, el usuario renuncia expresamente al fuero que pudiera corresponderle y se somete voluntariamente a la jurisdicci\u00f3n de los Juzgados y Tribunales de Madrid.<\/p>\n","protected":false},"excerpt":{"rendered":"<p>Objeto Social e Identificaci\u00f3n. FLASHSTUDIO NORTE SL. (en adelante FLASHSTUDIO NORTE ), es una empresa especialista en ALQUILER DE PLAT\u00d3S. En cumplimiento con el deber de informaci\u00f3n recogido en art\u00edculo 10 de la Ley 34\/2002, de 11 de julio, de Servicios de la Sociedad de la Informaci\u00f3n y del Comercio Electr\u00f3nico, los datos aqu\u00ed consignados, [&hellip;]<\/p>\n","protected":false},"author":1,"featured_media":0,"parent":0,"menu_order":0,"comment_status":"closed","ping_status":"closed","template":"","meta":{"footnotes":""},"class_list":["post-220","page","type-page","status-publish","hentry"],"_links":{"self":[{"href":"https:\/\/flashstudionorte.com\/index.php?rest_route=\/wp\/v2\/pages\/220","targetHints":{"allow":["GET"]}}],"collection":[{"href":"https:\/\/flashstudionorte.com\/index.php?rest_route=\/wp\/v2\/pages"}],"about":[{"href":"https:\/\/flashstudionorte.com\/index.php?rest_route=\/wp\/v2\/types\/page"}],"author":[{"embeddable":true,"href":"https:\/\/flashstudionorte.com\/index.php?rest_route=\/wp\/v2\/users\/1"}],"replies":[{"embeddable":true,"href":"https:\/\/flashstudionorte.com\/index.php?rest_route=%2Fwp%2Fv2%2Fcomments&post=220"}],"version-history":[{"count":6,"href":"https:\/\/flashstudionorte.com\/index.php?rest_route=\/wp\/v2\/pages\/220\/revisions"}],"predecessor-version":[{"id":232,"href":"https:\/\/flashstudionorte.com\/index.php?rest_route=\/wp\/v2\/pages\/220\/revisions\/232"}],"wp:attachment":[{"href":"https:\/\/flashstudionorte.com\/index.php?rest_route=%2Fwp%2Fv2%2Fmedia&parent=220"}],"curies":[{"name":"wp","href":"https:\/\/api.w.org\/{rel}","templated":true}]}}